{"id":1573,"date":"2022-03-07T10:33:26","date_gmt":"2022-03-07T10:33:26","guid":{"rendered":"https:\/\/forpacking.w-i.lt\/cookie-policy\/"},"modified":"2026-01-28T08:48:39","modified_gmt":"2026-01-28T08:48:39","slug":"slapuku-politika","status":"publish","type":"page","link":"https:\/\/forpacking.com\/lt\/slapuku-politika\/","title":{"rendered":"Slapuk\u0173 politika"},"content":{"rendered":"<p>&nbsp;<\/p>\r\n<p>\u0160iame prane\u0161ime informuojame Jus apie \u0161ioje svetain\u0117je naudojamas technologijas, kurios padeda u\u017etikrinti tinkam\u0105 svetain\u0117s veikim\u0105 arba stebi ir analizuoja svetain\u0117s lankytoj\u0173 elgsen\u0105 nar\u0161ymo metu.<\/p>\r\n<p>&nbsp;<\/p>\r\n<h3>KAS YRA SLAPUKAI?<\/h3>\r\n<p>&nbsp;<\/p>\r\n<p><strong>Slapukas<\/strong>\u202f(angl.,\u202fcookie) yra\u202fnedidel\u0117 teksto rinkmena, kur\u012f\u202fsvetain\u0117\u202fJums joje\u202flankantis siun\u010dia \u012f J\u016bs\u0173 tinklo nar\u0161ykl\u0119 ir\u202fi\u0161saugo\u202fJ\u016bs\u0173\u202fnaudojamame\u202f\u012frenginyje. D\u0117l\u202fto svetain\u0117 slapuko nuostatose nurodyt\u0105 laikotarp\u012f\u202f\u201eatsiminti\u201c\u202fJ\u016bs\u0173 veiksmus ir parinktis (pvz., registracijos vard\u0105, kalb\u0105, \u0161rifto dyd\u012f ir kitas rodymo parinktis), kad\u202fJums nereik\u0117t\u0173 j\u0173 i\u0161 naujo \u012fvedin\u0117ti kaskart\u202fapsilankant svetain\u0117je.<\/p>\r\n<p>Svetain\u0117s\u202fnaudoja\u202f<strong>nuosavus<\/strong>\u202fir\/arba\u202f<strong>tre\u010di\u0173j\u0173 \u0161ali\u0173\u202f<\/strong>slapukus. Pagal atliekam\u0105 funkcij\u0105 slapukai skirstomi \u012f:<\/p>\r\n<ul>\r\n<li><strong>B\u016btinuosius\u202fslapukus<\/strong>.\u202f\u0160iais slapukais aktyvinamos pagrindin\u0117s\u202fsvetain\u0117s\u202fnar\u0161ymo ar prieigos funkcijos. Be \u0161i\u0173 slapuk\u0173\u202fsvetain\u0117\u202ftinkamai\u202fneveiks.<\/li>\r\n<li><strong>Funkcinius\u202farba techninius\u202fslapukus<\/strong>.\u202fD\u0117l \u0161i\u0173 slapuk\u0173\u202fsvetain\u0117\u202f\u012fsimena informacij\u0105, nuo kurios priklauso jos\u202fveikimas ir i\u0161vaizda, pavyzd\u017eiui, lankytojo pasirinkta kalba arba regionas, kuriame jis yra.<\/li>\r\n<li><strong>Statistikos\u202farba analitinius\u202fslapukus<\/strong>,\u202fkurie renka anonimin\u0119 informacija ir teikia jos ataskaitas, i\u0161 kuri\u0173\u202fsvetain\u0117s valdytojas\u202fgali\u202fsu\u017einoti\u202fkaip\u202flankytojai naudojasi\u202fsvetaine.<\/li>\r\n<li><strong>Rinkodaros arba reklaminius slapukus<\/strong>.\u202fJie\u202fnaudojami lankytojams sekti daugelyje\u202fsvetaini\u0173\u202ftam, kad b\u016bt\u0173 galima pateikti jiems pritaikytus reklaminius skelbimus. Jie taip pat riboja rodom\u0173 reklam\u0173 skai\u010di\u0173 ir padeda \u012fvertinti reklamini\u0173 kampanij\u0173 efektyvum\u0105. Tai da\u017eniausiai tre\u010di\u0173j\u0173 \u0161ali\u0173 reklamuotoj\u0173 slapukai.<\/li>\r\n<\/ul>\r\n<p>Pagal galiojimo trukm\u0119 slapukai skirstomi \u012f\u202f<strong>seanso<\/strong>\u202fir\u202f<strong>ilgalaikius<\/strong>\u202fslapukus.<\/p>\r\n<p>Pagal slapuko suk\u016brimo viet\u0105 jie b\u016bna dviej\u0173 tip\u0173:<\/p>\r\n<ul>\r\n<li><strong>Pirm\u0173j\u0173 \u0161ali\u0173 arba nuosavi slapukai<\/strong>\u202f\u2013 kuriami\u202fsvetain\u0117je, kurioje\u202flankot\u0117s;<\/li>\r\n<li><strong>Tre\u010di\u0173j\u0173 \u0161ali\u0173 slapukai\u202f<\/strong>\u2013 kuriami kit\u0173 svetaini\u0173. \u0160ioms svetain\u0117ms priklauso tam tikras\u202fsvetain\u0117je, kurioje\u202flankot\u0117s, rodomas turinys, pvz., skelbimai ar vaizdai.<\/li>\r\n<\/ul>\r\n<p><strong>Sekliai<\/strong>\u00a0(angl., trackers) ir bei skaitmeniniai identifikatoriai (angl., digital fingerprinting) \u2013 tai sud\u0117tingesn\u0117s technologijos, kurios veikia be slapuk\u0173 (fail\u0173 patalpinam\u0173 vartotojo \u012frenginyje). Pavyzd\u017eiui, kai tinklapyje naudojami tracking pixels \/ tags, kiekvien\u0105 kart\u0105 vartotojui pri\u0117jus prie konkretaus tinklapio elemento, u\u017ekraunamas 1 pikselio dyd\u017eio \u201epaveiksl\u0117lis\u201c \u2013 taip serveris su\u017eino, jog konkretus vartotojas su konkre\u010diu IP adresu buvo tame tinklapio elemente, ir \u0161i informacija i\u0161saugoma serveryje. Jei vartotojas nesutinka su asmens duomen\u0173 rinkimu, tokie tinklapio elementai i\u0161jungiami i\u0161 karto. Skaitmeniniai identifikatoriai yra ypa\u010d tiksl\u016bs, sugeneruoti pagal vartotojo i\u0161man\u0173j\u012f \u012frengin\u012f, o unikal\u016bs ID leid\u017eia bet kada v\u0117liau atpa\u017einti, kad lankosi tas pats vartotojas.<\/p>\r\n<p><strong>\u0160vytur\u0117liai<\/strong>\u00a0(angl., web beacons), uXDT arba Ultrasonic tracking technologija veikia taip, jog lankantis tinklapyje, kompiuteris generuoja ultragarso signal\u0105 negirdim\u0105 \u017emon\u0117ms, bet priimam\u0105 kit\u0173 i\u0161mani\u0173j\u0173 \u012frengini\u0173, kuriuose tuo pat metu veikia tam tikra program\u0117l\u0117, signal\u0105. Norint naudoti \u0161i\u0105 technologij\u0105 b\u016btina atlikti poveikio duomen\u0173 apsaugai vertinim\u0105.<\/p>\r\n<p>&nbsp;<\/p>\r\n<h3>KAIP NAUDOJAME SLAPUKUS?<\/h3>\r\n<p>&nbsp;<\/p>\r\n<p>Mes slapukus naudojame tam, kad:<\/p>\r\n<ul>\r\n<li>svetain\u0117 gal\u0117t\u0173 Jus atpa\u017einti ir prisiminti J\u016bs\u0173 nustatymus ir parinktis;<\/li>\r\n<li>analizuodami J\u016bs\u0173 veiksmus svetain\u0117je gal\u0117tume pastoviai gerinti jos veikim\u0105.<\/li>\r\n<\/ul>\r\n<p>Mes nenaudojame slapuk\u0173 J\u016bs\u0173 tapatybei nustatyti. M\u016bs\u0173 svetain\u0117s slapukai nenaudojami jokiais kitais nei \u010dia apra\u0161ytieji tikslais.<\/p>\r\n<p>&nbsp;<\/p>\r\n","protected":false},"excerpt":{"rendered":"<p>&nbsp; \u0160iame prane\u0161ime informuojame Jus apie \u0161ioje svetain\u0117je naudojamas technologijas, kurios padeda u\u017etikrinti tinkam\u0105 svetain\u0117s veikim\u0105 arba stebi ir analizuoja svetain\u0117s lankytoj\u0173 elgsen\u0105 nar\u0161ymo metu. &nbsp; KAS YRA SLAPUKAI? &nbsp; Slapukas\u202f(angl.,\u202fcookie) yra\u202fnedidel\u0117 teksto rinkmena, kur\u012f\u202fsvetain\u0117\u202fJums joje\u202flankantis siun\u010dia \u012f J\u016bs\u0173 tinklo nar\u0161ykl\u0119 ir\u202fi\u0161saugo\u202fJ\u016bs\u0173\u202fnaudojamame\u202f\u012frenginyje. D\u0117l\u202fto svetain\u0117 slapuko nuostatose nurodyt\u0105 laikotarp\u012f\u202f\u201eatsiminti\u201c\u202fJ\u016bs\u0173 veiksmus ir parinktis (pvz., registracijos vard\u0105, kalb\u0105, &hellip; <a href=\"https:\/\/forpacking.com\/lt\/slapuku-politika\/\">Continued<\/a><\/p>\n","protected":false},"author":1,"featured_media":0,"parent":0,"menu_order":0,"comment_status":"closed","ping_status":"closed","template":"","meta":{"_acf_changed":false,"inline_featured_image":false,"footnotes":""},"class_list":["post-1573","page","type-page","status-publish","hentry"],"acf":[],"yoast_head":"<!-- This site is optimized with the Yoast SEO plugin v26.8 - https:\/\/yoast.com\/product\/yoast-seo-wordpress\/ -->\n<title>Slapuk\u0173 politika - Forpacking<\/title>\n<meta name=\"robots\" content=\"index, follow, max-snippet:-1, max-image-preview:large, max-video-preview:-1\" \/>\n<link rel=\"canonical\" href=\"https:\/\/forpacking.com\/lt\/slapuku-politika\/\" \/>\n<meta property=\"og:locale\" content=\"lt_LT\" \/>\n<meta property=\"og:type\" content=\"article\" \/>\n<meta property=\"og:title\" content=\"Slapuk\u0173 politika - Forpacking\" \/>\n<meta property=\"og:description\" content=\"&nbsp; \u0160iame prane\u0161ime informuojame Jus apie \u0161ioje svetain\u0117je naudojamas technologijas, kurios padeda u\u017etikrinti tinkam\u0105 svetain\u0117s veikim\u0105 arba stebi ir analizuoja svetain\u0117s lankytoj\u0173 elgsen\u0105 nar\u0161ymo metu. &nbsp; KAS YRA SLAPUKAI? &nbsp; Slapukas\u202f(angl.,\u202fcookie) yra\u202fnedidel\u0117 teksto rinkmena, kur\u012f\u202fsvetain\u0117\u202fJums joje\u202flankantis siun\u010dia \u012f J\u016bs\u0173 tinklo nar\u0161ykl\u0119 ir\u202fi\u0161saugo\u202fJ\u016bs\u0173\u202fnaudojamame\u202f\u012frenginyje. D\u0117l\u202fto svetain\u0117 slapuko nuostatose nurodyt\u0105 laikotarp\u012f\u202f\u201eatsiminti\u201c\u202fJ\u016bs\u0173 veiksmus ir parinktis (pvz., registracijos vard\u0105, kalb\u0105, &hellip; Continued\" \/>\n<meta property=\"og:url\" content=\"https:\/\/forpacking.com\/lt\/slapuku-politika\/\" \/>\n<meta property=\"og:site_name\" content=\"Forpacking\" \/>\n<meta property=\"article:modified_time\" content=\"2026-01-28T08:48:39+00:00\" \/>\n<meta name=\"twitter:card\" content=\"summary_large_image\" \/>\n<meta name=\"twitter:label1\" content=\"Est. reading time\" \/>\n\t<meta name=\"twitter:data1\" content=\"3 minut\u0117s\" \/>\n<script type=\"application\/ld+json\" class=\"yoast-schema-graph\">{\"@context\":\"https:\/\/schema.org\",\"@graph\":[{\"@type\":\"WebPage\",\"@id\":\"https:\/\/forpacking.com\/lt\/slapuku-politika\/\",\"url\":\"https:\/\/forpacking.com\/lt\/slapuku-politika\/\",\"name\":\"Slapuk\u0173 politika - Forpacking\",\"isPartOf\":{\"@id\":\"https:\/\/forpacking.com\/#website\"},\"datePublished\":\"2022-03-07T10:33:26+00:00\",\"dateModified\":\"2026-01-28T08:48:39+00:00\",\"breadcrumb\":{\"@id\":\"https:\/\/forpacking.com\/lt\/slapuku-politika\/#breadcrumb\"},\"inLanguage\":\"lt-LT\",\"potentialAction\":[{\"@type\":\"ReadAction\",\"target\":[\"https:\/\/forpacking.com\/lt\/slapuku-politika\/\"]}]},{\"@type\":\"BreadcrumbList\",\"@id\":\"https:\/\/forpacking.com\/lt\/slapuku-politika\/#breadcrumb\",\"itemListElement\":[{\"@type\":\"ListItem\",\"position\":1,\"name\":\"Home\",\"item\":\"https:\/\/forpacking.com\/lt\/\"},{\"@type\":\"ListItem\",\"position\":2,\"name\":\"Slapuk\u0173 politika\"}]},{\"@type\":\"WebSite\",\"@id\":\"https:\/\/forpacking.com\/#website\",\"url\":\"https:\/\/forpacking.com\/\",\"name\":\"Forpacking\",\"description\":\"\",\"potentialAction\":[{\"@type\":\"SearchAction\",\"target\":{\"@type\":\"EntryPoint\",\"urlTemplate\":\"https:\/\/forpacking.com\/?s={search_term_string}\"},\"query-input\":{\"@type\":\"PropertyValueSpecification\",\"valueRequired\":true,\"valueName\":\"search_term_string\"}}],\"inLanguage\":\"lt-LT\"}]}<\/script>\n<!-- \/ Yoast SEO plugin. -->","yoast_head_json":{"title":"Slapuk\u0173 politika - Forpacking","robots":{"index":"index","follow":"follow","max-snippet":"max-snippet:-1","max-image-preview":"max-image-preview:large","max-video-preview":"max-video-preview:-1"},"canonical":"https:\/\/forpacking.com\/lt\/slapuku-politika\/","og_locale":"lt_LT","og_type":"article","og_title":"Slapuk\u0173 politika - Forpacking","og_description":"&nbsp; \u0160iame prane\u0161ime informuojame Jus apie \u0161ioje svetain\u0117je naudojamas technologijas, kurios padeda u\u017etikrinti tinkam\u0105 svetain\u0117s veikim\u0105 arba stebi ir analizuoja svetain\u0117s lankytoj\u0173 elgsen\u0105 nar\u0161ymo metu. &nbsp; KAS YRA SLAPUKAI? &nbsp; Slapukas\u202f(angl.,\u202fcookie) yra\u202fnedidel\u0117 teksto rinkmena, kur\u012f\u202fsvetain\u0117\u202fJums joje\u202flankantis siun\u010dia \u012f J\u016bs\u0173 tinklo nar\u0161ykl\u0119 ir\u202fi\u0161saugo\u202fJ\u016bs\u0173\u202fnaudojamame\u202f\u012frenginyje. D\u0117l\u202fto svetain\u0117 slapuko nuostatose nurodyt\u0105 laikotarp\u012f\u202f\u201eatsiminti\u201c\u202fJ\u016bs\u0173 veiksmus ir parinktis (pvz., registracijos vard\u0105, kalb\u0105, &hellip; Continued","og_url":"https:\/\/forpacking.com\/lt\/slapuku-politika\/","og_site_name":"Forpacking","article_modified_time":"2026-01-28T08:48:39+00:00","twitter_card":"summary_large_image","twitter_misc":{"Est. reading time":"3 minut\u0117s"},"schema":{"@context":"https:\/\/schema.org","@graph":[{"@type":"WebPage","@id":"https:\/\/forpacking.com\/lt\/slapuku-politika\/","url":"https:\/\/forpacking.com\/lt\/slapuku-politika\/","name":"Slapuk\u0173 politika - Forpacking","isPartOf":{"@id":"https:\/\/forpacking.com\/#website"},"datePublished":"2022-03-07T10:33:26+00:00","dateModified":"2026-01-28T08:48:39+00:00","breadcrumb":{"@id":"https:\/\/forpacking.com\/lt\/slapuku-politika\/#breadcrumb"},"inLanguage":"lt-LT","potentialAction":[{"@type":"ReadAction","target":["https:\/\/forpacking.com\/lt\/slapuku-politika\/"]}]},{"@type":"BreadcrumbList","@id":"https:\/\/forpacking.com\/lt\/slapuku-politika\/#breadcrumb","itemListElement":[{"@type":"ListItem","position":1,"name":"Home","item":"https:\/\/forpacking.com\/lt\/"},{"@type":"ListItem","position":2,"name":"Slapuk\u0173 politika"}]},{"@type":"WebSite","@id":"https:\/\/forpacking.com\/#website","url":"https:\/\/forpacking.com\/","name":"Forpacking","description":"","potentialAction":[{"@type":"SearchAction","target":{"@type":"EntryPoint","urlTemplate":"https:\/\/forpacking.com\/?s={search_term_string}"},"query-input":{"@type":"PropertyValueSpecification","valueRequired":true,"valueName":"search_term_string"}}],"inLanguage":"lt-LT"}]}},"_links":{"self":[{"href":"https:\/\/forpacking.com\/lt\/wp-json\/wp\/v2\/pages\/1573","targetHints":{"allow":["GET"]}}],"collection":[{"href":"https:\/\/forpacking.com\/lt\/wp-json\/wp\/v2\/pages"}],"about":[{"href":"https:\/\/forpacking.com\/lt\/wp-json\/wp\/v2\/types\/page"}],"author":[{"embeddable":true,"href":"https:\/\/forpacking.com\/lt\/wp-json\/wp\/v2\/users\/1"}],"replies":[{"embeddable":true,"href":"https:\/\/forpacking.com\/lt\/wp-json\/wp\/v2\/comments?post=1573"}],"version-history":[{"count":5,"href":"https:\/\/forpacking.com\/lt\/wp-json\/wp\/v2\/pages\/1573\/revisions"}],"predecessor-version":[{"id":1697,"href":"https:\/\/forpacking.com\/lt\/wp-json\/wp\/v2\/pages\/1573\/revisions\/1697"}],"wp:attachment":[{"href":"https:\/\/forpacking.com\/lt\/wp-json\/wp\/v2\/media?parent=1573"}],"curies":[{"name":"wp","href":"https:\/\/api.w.org\/{rel}","templated":true}]}}